{"id":1048,"date":"2022-03-10T15:34:26","date_gmt":"2022-03-10T20:34:26","guid":{"rendered":"https:\/\/oakandpinesvenue.com\/evenements\/"},"modified":"2024-06-09T14:34:57","modified_gmt":"2024-06-09T18:34:57","slug":"evenements","status":"publish","type":"page","link":"https:\/\/oakandpinesvenue.com\/fr\/evenements\/","title":{"rendered":"\u00c9v\u00e9nements"},"content":{"rendered":"\t\t<div data-elementor-type=\"wp-page\" data-elementor-id=\"1048\" class=\"elementor elementor-1048\">\n\t\t\t\t\t\t\t\t\t<section class=\"elementor-section elementor-top-section elementor-element elementor-element-2811adf elementor-section-boxed elementor-section-height-default elementor-section-height-default\" data-id=\"2811adf\" data-element_type=\"section\">\n\t\t\t\t\t\t<div class=\"elementor-container elementor-column-gap-default\">\n\t\t\t\t\t<div class=\"elementor-column elementor-col-100 elementor-top-column elementor-element elementor-element-cf5bea6\" data-id=\"cf5bea6\" data-element_type=\"column\">\n\t\t\t<div class=\"elementor-widget-wrap elementor-element-populated\">\n\t\t\t\t\t\t\t\t<div class=\"elementor-element elementor-element-6e23f7c elementor-widget elementor-widget-heading\" data-id=\"6e23f7c\" data-element_type=\"widget\" data-widget_type=\"heading.default\">\n\t\t\t\t<div class=\"elementor-widget-container\">\n\t\t\t<style>\/*! elementor - v3.6.5 - 27-04-2022 *\/\n.elementor-heading-title{padding:0;margin:0;line-height:1}.elementor-widget-heading .elementor-heading-title[class*=elementor-size-]>a{color:inherit;font-size:inherit;line-height:inherit}.elementor-widget-heading .elementor-heading-title.elementor-size-small{font-size:15px}.elementor-widget-heading .elementor-heading-title.elementor-size-medium{font-size:19px}.elementor-widget-heading .elementor-heading-title.elementor-size-large{font-size:29px}.elementor-widget-heading .elementor-heading-title.elementor-size-xl{font-size:39px}.elementor-widget-heading .elementor-heading-title.elementor-size-xxl{font-size:59px}<\/style><h1 class=\"elementor-heading-title elementor-size-default\">\u00c9v\u00e9nements<\/h1>\t\t<\/div>\n\t\t\t\t<\/div>\n\t\t\t\t<div class=\"elementor-element elementor-element-1e22f7f elementor-widget-divider--view-line elementor-widget elementor-widget-divider\" data-id=\"1e22f7f\" data-element_type=\"widget\" data-widget_type=\"divider.default\">\n\t\t\t\t<div class=\"elementor-widget-container\">\n\t\t\t<style>\/*! elementor - v3.6.5 - 27-04-2022 *\/\n.elementor-widget-divider{--divider-border-style:none;--divider-border-width:1px;--divider-color:#2c2c2c;--divider-icon-size:20px;--divider-element-spacing:10px;--divider-pattern-height:24px;--divider-pattern-size:20px;--divider-pattern-url:none;--divider-pattern-repeat:repeat-x}.elementor-widget-divider .elementor-divider{display:-webkit-box;display:-ms-flexbox;display:flex}.elementor-widget-divider .elementor-divider__text{font-size:15px;line-height:1;max-width:95%}.elementor-widget-divider .elementor-divider__element{margin:0 var(--divider-element-spacing);-ms-flex-negative:0;flex-shrink:0}.elementor-widget-divider .elementor-icon{font-size:var(--divider-icon-size)}.elementor-widget-divider .elementor-divider-separator{display:-webkit-box;display:-ms-flexbox;display:flex;margin:0;direction:ltr}.elementor-widget-divider--view-line_icon .elementor-divider-separator,.elementor-widget-divider--view-line_text .elementor-divider-separator{-webkit-box-align:center;-ms-flex-align:center;align-items:center}.elementor-widget-divider--view-line_icon .elementor-divider-separator:after,.elementor-widget-divider--view-line_icon .elementor-divider-separator:before,.elementor-widget-divider--view-line_text .elementor-divider-separator:after,.elementor-widget-divider--view-line_text .elementor-divider-separator:before{display:block;content:\"\";border-bottom:0;-webkit-box-flex:1;-ms-flex-positive:1;flex-grow:1;border-top:var(--divider-border-width) var(--divider-border-style) var(--divider-color)}.elementor-widget-divider--element-align-left .elementor-divider .elementor-divider-separator>.elementor-divider__svg:first-of-type{-webkit-box-flex:0;-ms-flex-positive:0;flex-grow:0;-ms-flex-negative:100;flex-shrink:100}.elementor-widget-divider--element-align-left .elementor-divider-separator:before{content:none}.elementor-widget-divider--element-align-left .elementor-divider__element{margin-left:0}.elementor-widget-divider--element-align-right .elementor-divider .elementor-divider-separator>.elementor-divider__svg:last-of-type{-webkit-box-flex:0;-ms-flex-positive:0;flex-grow:0;-ms-flex-negative:100;flex-shrink:100}.elementor-widget-divider--element-align-right .elementor-divider-separator:after{content:none}.elementor-widget-divider--element-align-right .elementor-divider__element{margin-right:0}.elementor-widget-divider:not(.elementor-widget-divider--view-line_text):not(.elementor-widget-divider--view-line_icon) .elementor-divider-separator{border-top:var(--divider-border-width) var(--divider-border-style) var(--divider-color)}.elementor-widget-divider--separator-type-pattern{--divider-border-style:none}.elementor-widget-divider--separator-type-pattern.elementor-widget-divider--view-line .elementor-divider-separator,.elementor-widget-divider--separator-type-pattern:not(.elementor-widget-divider--view-line) .elementor-divider-separator:after,.elementor-widget-divider--separator-type-pattern:not(.elementor-widget-divider--view-line) .elementor-divider-separator:before,.elementor-widget-divider--separator-type-pattern:not([class*=elementor-widget-divider--view]) .elementor-divider-separator{width:100%;min-height:var(--divider-pattern-height);-webkit-mask-size:var(--divider-pattern-size) 100%;mask-size:var(--divider-pattern-size) 100%;-webkit-mask-repeat:var(--divider-pattern-repeat);mask-repeat:var(--divider-pattern-repeat);background-color:var(--divider-color);-webkit-mask-image:var(--divider-pattern-url);mask-image:var(--divider-pattern-url)}.elementor-widget-divider--no-spacing{--divider-pattern-size:auto}.elementor-widget-divider--bg-round{--divider-pattern-repeat:round}.rtl .elementor-widget-divider .elementor-divider__text{direction:rtl}<\/style>\t\t<div class=\"elementor-divider\">\n\t\t\t<span class=\"elementor-divider-separator\">\n\t\t\t\t\t\t<\/span>\n\t\t<\/div>\n\t\t\t\t<\/div>\n\t\t\t\t<\/div>\n\t\t\t\t<div class=\"elementor-element elementor-element-3901da3 elementor-widget elementor-widget-text-editor\" data-id=\"3901da3\" data-element_type=\"widget\" data-widget_type=\"text-editor.default\">\n\t\t\t\t<div class=\"elementor-widget-container\">\n\t\t\t<style>\/*! elementor - v3.6.5 - 27-04-2022 *\/\n.elementor-widget-text-editor.elementor-drop-cap-view-stacked .elementor-drop-cap{background-color:#818a91;color:#fff}.elementor-widget-text-editor.elementor-drop-cap-view-framed .elementor-drop-cap{color:#818a91;border:3px solid;background-color:transparent}.elementor-widget-text-editor:not(.elementor-drop-cap-view-default) .elementor-drop-cap{margin-top:8px}.elementor-widget-text-editor:not(.elementor-drop-cap-view-default) .elementor-drop-cap-letter{width:1em;height:1em}.elementor-widget-text-editor .elementor-drop-cap{float:left;text-align:center;line-height:1;font-size:50px}.elementor-widget-text-editor .elementor-drop-cap-letter{display:inline-block}<\/style>\t\t\t\t<p>Notre grange historique restaur\u00e9e offre l&rsquo;atmosph\u00e8re n\u00e9cessaire pour votre mariage rustique-chic (y compris les options de c\u00e9r\u00e9monie en plein air). Le bois apparent, sol en b\u00e9ton lisse et les d\u00e9tails inspir\u00e9s de la nature vous permettront d&rsquo;allier d\u00e9contraction et \u00e9l\u00e9gance. Cet espace de 3 300 pieds carr\u00e9s offre des possibilit\u00e9s infinies pour des photos \u00e0 couper le souffle dans des d\u00e9cors pittoresques.<\/p><p>Nous pouvons accueillir des \u00e9v\u00e9nements sp\u00e9ciaux jusqu&rsquo;\u00e0 150 invit\u00e9s, ce qui vous donne la possibilit\u00e9 d&rsquo;utiliser vos vendeurs et vos fournisseurs pr\u00e9f\u00e9r\u00e9s pour l&rsquo;\u00e9v\u00e9nement de vos r\u00eaves. Laissez-nous vous aider avec votre \u00e9v\u00e9nement et contactez-nous pour plus de d\u00e9tails sur les prix.<\/p><p>Sinc\u00e8rement,<br \/><em>Les Descoeurs<\/em><\/p>\t\t\t\t\t\t<\/div>\n\t\t\t\t<\/div>\n\t\t\t\t\t<\/div>\n\t\t<\/div>\n\t\t\t\t\t\t\t<\/div>\n\t\t<\/section>\n\t\t\t\t\t\t\t<\/div>\n\t\t","protected":false},"excerpt":{"rendered":"<p>\u00c9v\u00e9nements Notre grange historique restaur\u00e9e offre l&rsquo;atmosph\u00e8re n\u00e9cessaire pour votre mariage rustique-chic (y compris les options de c\u00e9r\u00e9monie en plein air). Le bois apparent, sol en b\u00e9ton lisse et les d\u00e9tails inspir\u00e9s de la nature vous permettront d&rsquo;allier d\u00e9contraction et \u00e9l\u00e9gance. Cet espace de 3 300 pieds carr\u00e9s offre des possibilit\u00e9s infinies pour des photos &hellip;<\/p>\n<p class=\"read-more\"> <a class=\"\" href=\"https:\/\/oakandpinesvenue.com\/fr\/evenements\/\"> <span class=\"screen-reader-text\">\u00c9v\u00e9nements<\/span> Lire la suite\u00a0\u00bb<\/a><\/p>\n","protected":false},"author":1,"featured_media":0,"parent":0,"menu_order":0,"comment_status":"closed","ping_status":"closed","template":"","meta":{"site-sidebar-layout":"no-sidebar","site-content-layout":"page-builder","ast-main-header-display":"","ast-hfb-above-header-display":"","ast-hfb-below-header-display":"","ast-hfb-mobile-header-display":"","site-post-title":"disabled","ast-breadcrumbs-content":"","ast-featured-img":"disabled","footer-sml-layout":"","theme-transparent-header-meta":"default","adv-header-id-meta":"","stick-header-meta":"default","header-above-stick-meta":"","header-main-stick-meta":"","header-below-stick-meta":"","footnotes":""},"class_list":["post-1048","page","type-page","status-publish","hentry"],"yoast_head":"<!-- This site is optimized with the Yoast SEO plugin v19.0 - https:\/\/yoast.com\/wordpress\/plugins\/seo\/ -->\n<title>\u00c9v\u00e9nements - Oak &amp; Pines<\/title>\n<meta name=\"robots\" content=\"index, follow, max-snippet:-1, max-image-preview:large, max-video-preview:-1\" \/>\n<link rel=\"canonical\" href=\"https:\/\/oakandpinesvenue.com\/fr\/evenements\/\" \/>\n<meta property=\"og:locale\" content=\"fr_FR\" \/>\n<meta property=\"og:type\" content=\"article\" \/>\n<meta property=\"og:title\" content=\"\u00c9v\u00e9nements - Oak &amp; Pines\" \/>\n<meta property=\"og:description\" content=\"\u00c9v\u00e9nements Notre grange historique restaur\u00e9e offre l&rsquo;atmosph\u00e8re n\u00e9cessaire pour votre mariage rustique-chic (y compris les options de c\u00e9r\u00e9monie en plein air). Le bois apparent, sol en b\u00e9ton lisse et les d\u00e9tails inspir\u00e9s de la nature vous permettront d&rsquo;allier d\u00e9contraction et \u00e9l\u00e9gance. Cet espace de 3 300 pieds carr\u00e9s offre des possibilit\u00e9s infinies pour des photos &hellip; \u00c9v\u00e9nements Lire la suite\u00a0\u00bb\" \/>\n<meta property=\"og:url\" content=\"https:\/\/oakandpinesvenue.com\/fr\/evenements\/\" \/>\n<meta property=\"og:site_name\" content=\"Oak &amp; Pines\" \/>\n<meta property=\"article:modified_time\" content=\"2024-06-09T18:34:57+00:00\" \/>\n<meta name=\"twitter:card\" content=\"summary_large_image\" \/>\n<meta name=\"twitter:label1\" content=\"Dur\u00e9e de lecture estim\u00e9e\" \/>\n\t<meta name=\"twitter:data1\" content=\"1 minute\" \/>\n<script type=\"application\/ld+json\" class=\"yoast-schema-graph\">{\"@context\":\"https:\/\/schema.org\",\"@graph\":[{\"@type\":\"WebSite\",\"@id\":\"https:\/\/oakandpinesvenue.com\/#website\",\"url\":\"https:\/\/oakandpinesvenue.com\/\",\"name\":\"Oak &amp; Pines\",\"description\":\"Wedding Venue\",\"potentialAction\":[{\"@type\":\"SearchAction\",\"target\":{\"@type\":\"EntryPoint\",\"urlTemplate\":\"https:\/\/oakandpinesvenue.com\/?s={search_term_string}\"},\"query-input\":\"required name=search_term_string\"}],\"inLanguage\":\"fr-FR\"},{\"@type\":\"WebPage\",\"@id\":\"https:\/\/oakandpinesvenue.com\/fr\/evenements\/#webpage\",\"url\":\"https:\/\/oakandpinesvenue.com\/fr\/evenements\/\",\"name\":\"\u00c9v\u00e9nements - Oak &amp; Pines\",\"isPartOf\":{\"@id\":\"https:\/\/oakandpinesvenue.com\/#website\"},\"datePublished\":\"2022-03-10T20:34:26+00:00\",\"dateModified\":\"2024-06-09T18:34:57+00:00\",\"breadcrumb\":{\"@id\":\"https:\/\/oakandpinesvenue.com\/fr\/evenements\/#breadcrumb\"},\"inLanguage\":\"fr-FR\",\"potentialAction\":[{\"@type\":\"ReadAction\",\"target\":[\"https:\/\/oakandpinesvenue.com\/fr\/evenements\/\"]}]},{\"@type\":\"BreadcrumbList\",\"@id\":\"https:\/\/oakandpinesvenue.com\/fr\/evenements\/#breadcrumb\",\"itemListElement\":[{\"@type\":\"ListItem\",\"position\":1,\"name\":\"Home\",\"item\":\"https:\/\/oakandpinesvenue.com\/\"},{\"@type\":\"ListItem\",\"position\":2,\"name\":\"\u00c9v\u00e9nements\"}]}]}<\/script>\n<!-- \/ Yoast SEO plugin. -->","yoast_head_json":{"title":"\u00c9v\u00e9nements - Oak &amp; Pines","robots":{"index":"index","follow":"follow","max-snippet":"max-snippet:-1","max-image-preview":"max-image-preview:large","max-video-preview":"max-video-preview:-1"},"canonical":"https:\/\/oakandpinesvenue.com\/fr\/evenements\/","og_locale":"fr_FR","og_type":"article","og_title":"\u00c9v\u00e9nements - Oak &amp; Pines","og_description":"\u00c9v\u00e9nements Notre grange historique restaur\u00e9e offre l&rsquo;atmosph\u00e8re n\u00e9cessaire pour votre mariage rustique-chic (y compris les options de c\u00e9r\u00e9monie en plein air). Le bois apparent, sol en b\u00e9ton lisse et les d\u00e9tails inspir\u00e9s de la nature vous permettront d&rsquo;allier d\u00e9contraction et \u00e9l\u00e9gance. Cet espace de 3 300 pieds carr\u00e9s offre des possibilit\u00e9s infinies pour des photos &hellip; \u00c9v\u00e9nements Lire la suite\u00a0\u00bb","og_url":"https:\/\/oakandpinesvenue.com\/fr\/evenements\/","og_site_name":"Oak &amp; Pines","article_modified_time":"2024-06-09T18:34:57+00:00","twitter_card":"summary_large_image","twitter_misc":{"Dur\u00e9e de lecture estim\u00e9e":"1 minute"},"schema":{"@context":"https:\/\/schema.org","@graph":[{"@type":"WebSite","@id":"https:\/\/oakandpinesvenue.com\/#website","url":"https:\/\/oakandpinesvenue.com\/","name":"Oak &amp; Pines","description":"Wedding Venue","potentialAction":[{"@type":"SearchAction","target":{"@type":"EntryPoint","urlTemplate":"https:\/\/oakandpinesvenue.com\/?s={search_term_string}"},"query-input":"required name=search_term_string"}],"inLanguage":"fr-FR"},{"@type":"WebPage","@id":"https:\/\/oakandpinesvenue.com\/fr\/evenements\/#webpage","url":"https:\/\/oakandpinesvenue.com\/fr\/evenements\/","name":"\u00c9v\u00e9nements - Oak &amp; Pines","isPartOf":{"@id":"https:\/\/oakandpinesvenue.com\/#website"},"datePublished":"2022-03-10T20:34:26+00:00","dateModified":"2024-06-09T18:34:57+00:00","breadcrumb":{"@id":"https:\/\/oakandpinesvenue.com\/fr\/evenements\/#breadcrumb"},"inLanguage":"fr-FR","potentialAction":[{"@type":"ReadAction","target":["https:\/\/oakandpinesvenue.com\/fr\/evenements\/"]}]},{"@type":"BreadcrumbList","@id":"https:\/\/oakandpinesvenue.com\/fr\/evenements\/#breadcrumb","itemListElement":[{"@type":"ListItem","position":1,"name":"Home","item":"https:\/\/oakandpinesvenue.com\/"},{"@type":"ListItem","position":2,"name":"\u00c9v\u00e9nements"}]}]}},"_links":{"self":[{"href":"https:\/\/oakandpinesvenue.com\/fr\/wp-json\/wp\/v2\/pages\/1048","targetHints":{"allow":["GET"]}}],"collection":[{"href":"https:\/\/oakandpinesvenue.com\/fr\/wp-json\/wp\/v2\/pages"}],"about":[{"href":"https:\/\/oakandpinesvenue.com\/fr\/wp-json\/wp\/v2\/types\/page"}],"author":[{"embeddable":true,"href":"https:\/\/oakandpinesvenue.com\/fr\/wp-json\/wp\/v2\/users\/1"}],"replies":[{"embeddable":true,"href":"https:\/\/oakandpinesvenue.com\/fr\/wp-json\/wp\/v2\/comments?post=1048"}],"version-history":[{"count":15,"href":"https:\/\/oakandpinesvenue.com\/fr\/wp-json\/wp\/v2\/pages\/1048\/revisions"}],"predecessor-version":[{"id":1590,"href":"https:\/\/oakandpinesvenue.com\/fr\/wp-json\/wp\/v2\/pages\/1048\/revisions\/1590"}],"wp:attachment":[{"href":"https:\/\/oakandpinesvenue.com\/fr\/wp-json\/wp\/v2\/media?parent=1048"}],"curies":[{"name":"wp","href":"https:\/\/api.w.org\/{rel}","templated":true}]}}